{"id":21,"date":"2025-10-04T16:04:01","date_gmt":"2025-10-04T16:04:01","guid":{"rendered":"https:\/\/saludenfit.com\/?page_id=21"},"modified":"2025-10-04T18:13:22","modified_gmt":"2025-10-04T18:13:22","slug":"politica-de-privacidad","status":"publish","type":"page","link":"https:\/\/saludenfit.com\/?page_id=21","title":{"rendered":"Politica de Privacidad"},"content":{"rendered":"<p>Pol\u00edtica de privacidad de Saludenfit<br \/>\nEsta Pol\u00edtica de privacidad describe c\u00f3mo se recopila, utiliza y comparte su informaci\u00f3n personal cuando visita o hace una compra en saludenfit.com<br \/>\n(denominado en lo sucesivo el \u201cSitio\u201d).<\/p>\n<p>INFORMACI\u00d3N PERSONAL QUE RECOPILAMOS<br \/>\nCuando visita el Sitio, recopilamos autom\u00e1ticamente cierta informaci\u00f3n sobre su dispositivo, incluida informaci\u00f3n sobre su navegador web, direcci\u00f3n IP,<br \/>\nzona horaria y algunas de las cookies que est\u00e1n instaladas en su dispositivo. Adem\u00e1s, a medida que navega por el Sitio, recopilamos informaci\u00f3n sobre lap\u00e1ginas web individuales o los productos que ve, las p\u00e1ginas web o los t\u00e9rminos de b\u00fasqueda que lo remitieron al Sitio e informaci\u00f3n sobre c\u00f3mo<br \/>\ninteract\u00faa usted con el Sitio. Nos referimos a esta informaci\u00f3n recopilada autom\u00e1ticamente como \u201cInformaci\u00f3n del dispositivo\u201d.<br \/>\nRecopilamos Informaci\u00f3n del dispositivo mediante el uso de las siguientes tecnolog\u00edas:<\/p>\n<p>COOKIES<br \/>\nAqu\u00ed tienes una lista de cookies que utilizamos. Las enlistamos para que puedas elegir si quieres optar por quitarlas o no.<br \/>\n_session_id, unique token, sessional, Allows Shopify to store information about your session (referrer, landing page, etc).<br \/>\n_shopify_visit, no data held, Persistent for 30 minutes from the last visit, Used by our website provider\u2019s internal stats tracker to record the number of visit_shopify_uniq, no data held, expires midnight (relative to the visitor) of the next day, Counts the number of visits to a store by a single customer.<br \/>\ncart, unique token, persistent for 2 weeks, Stores information about the contents of your cart.<br \/>\n_secure_session_id, unique token, sessional<br \/>\nstorefront_digest, unique token, indefinite If the shop has a password, this is used to determine if the current visitor has access.<br \/>\n&#8211; Los \u201cArchivos de registro\u201d rastrean las acciones que ocurren en el Sitio y recopilan datos, incluyendo su direcci\u00f3n IP, tipo de navegador, proveedor de<br \/>\nservicio de Internet, p\u00e1ginas de referencia\/salida y marcas de fecha\/horario.<br \/>\n&#8211; Las \u201cbalizas web\u201d, las \u201cetiquetas\u201d y los \u201cp\u00edxeles\u201d son archivos electr\u00f3nicos utilizados para registrar informaci\u00f3n sobre c\u00f3mo navega usted por el Sitio.<\/p>\n<p>\u00bfC\u00d3MO UTILIZAMOS SU INFORMACI\u00d3N PERSONAL?<br \/>\nUsamos la Informaci\u00f3n del pedido que recopilamos en general para preparar los pedidos realizados a trav\u00e9s del Sitio (incluido el procesamiento de su<br \/>\ninformaci\u00f3n de pago, la organizaci\u00f3n de los env\u00edos y la entrega de facturas y\/o confirmaciones de pedido). Adem\u00e1s, utilizamos esta Informaci\u00f3n del pedipara: comunicarnos con usted;<br \/>\nexaminar nuestros pedidos en busca de fraudes o riesgos potenciales; y cuando de acuerdo con las preferencias que usted comparti\u00f3 con nosotros, le<br \/>\nproporcionamos informaci\u00f3n o publicidad relacionada con nuestros productos o servicios.<\/p>\n<p>[[INSERTAR OTROS USOS DE INFORMACI\u00d3N DEL PEDIDO]]<br \/>\nUtilizamos la Informaci\u00f3n del dispositivo que recopilamos para ayudarnos a detectar posibles riesgos y fraudes (en particular, su direcci\u00f3n IP) y, en<br \/>\ngeneral, para mejorar y optimizar nuestro Sitio (por ejemplo, al generar informes y estad\u00edsticas sobre c\u00f3mo nuestros clientes navegan e interact\u00faan con eSitio y para evaluar el \u00e9xito de nuestras campa\u00f1as publicitarias y de marketing).<\/p>\n<p>Compartimos su Informaci\u00f3n personal con terceros para que nos ayuden a utilizar su Informaci\u00f3n personal, tal como se describi\u00f3 anteriormente. Por<br \/>\nejemplo, utilizamos la tecnolog\u00eda de Shopify en nuestra tienda online. Puede obtener m\u00e1s informaci\u00f3n sobre c\u00f3mo Shopify utiliza su Informaci\u00f3n personaaqu\u00ed: https:\/\/www.shopify.com\/legal\/privacy. Tambi\u00e9n utilizamos Google Analytics para ayudarnos a comprender c\u00f3mo usan nuestros clientes el Sitio.<br \/>\nPuede obtener m\u00e1s informaci\u00f3n sobre c\u00f3mo Google utiliza su Informaci\u00f3n personal aqu\u00ed: https:\/\/www.google.com\/intl\/es\/policies\/privacy\/. Puede darsede baja de Google Analytics aqu\u00ed: https:\/\/tools.google.com\/dlpage\/gaoptout.<br \/>\nFinalmente, tambi\u00e9n podemos compartir su Informaci\u00f3n personal para cumplir con las leyes y regulaciones aplicables, para responder a una citaci\u00f3n,<br \/>\norden de registro u otra solicitud legal de informaci\u00f3n que recibamos, o para proteger nuestros derechos.<\/p>\n<p>[[INCLUIR SI SE USA REMARKETING O PUBLICIDAD DIRIGIDA]]<br \/>\nPUBLICIDAD ORIENTADA POR EL COMPORTAMIENTO<br \/>\nComo se describi\u00f3 anteriormente, utilizamos su Informaci\u00f3n personal para proporcionarle anuncios publicitarios dirigidos o comunicaciones de marketinque creemos que pueden ser de su inter\u00e9s. Para m\u00e1s informaci\u00f3n sobre c\u00f3mo funciona la publicidad dirigida, puede visitar la p\u00e1gina educativa de la<br \/>\nIniciativa Publicitaria en la Red (\u00abNAI\u00bb por sus siglas en ingl\u00e9s) en http:\/\/www.networkadvertising.org\/understanding-online-advertising\/how-does-it-workPuede darse de baja de la publicidad dirigida mediante los siguientes enlaces:<br \/>\n[[<br \/>\nINCLUIR ENLACES PARA DARSE DE BAJA DE CUALQUIER SERVICIO QUE SE UTILICE.<br \/>\nALGUNOS ENLACES FRECUENTES INCLUYEN:<\/p>\n<p>FACEBOOK: https:\/\/www.facebook.com\/settings\/?tab=ads<br \/>\nGOOGLE: https:\/\/adssettings.google.com\/authenticated?hl=es<br \/>\nBING: https:\/\/about.ads.microsoft.com\/es-es\/recursos\/directivas\/anuncios-personalizados<br \/>\n]]<br \/>\nAdem\u00e1s, puede darse de baja de algunos de estos servicios visitando el portal de exclusi\u00f3n voluntaria de Digital Advertising Alliance en:<br \/>\nttp:\/\/optout.aboutads.info\/.<\/p>\n<p>NO RASTREAR<br \/>\nTenga en cuenta que no alteramos las pr\u00e1cticas de recopilaci\u00f3n y uso de datos de nuestro Sitio cuando vemos una se\u00f1al de No rastrear desde su<br \/>\nnavegador.<\/p>\n<p>[[INCLUIR SI LA TIENDA EST\u00c1 UBICADA EN EUROPA O SI TIENE CLIENTES EN EUROPA]]<br \/>\nSUS DERECHOS<\/p>\n<p>Si usted es un residente europeo, tiene derecho a acceder a la informaci\u00f3n personal que tenemos sobre usted y a solicitar que su informaci\u00f3n personal secorregida, actualizada o eliminada. Si desea ejercer este derecho, comun\u00edquese con nosotros a trav\u00e9s de la informaci\u00f3n de contacto que se encuentra a<br \/>\ncontinuaci\u00f3n.<br \/>\nAdem\u00e1s, si usted es un residente europeo, tenemos en cuenta que estamos procesando su informaci\u00f3n para cumplir con los contratos que podamos tencon usted (por ejemplo, si realiza un pedido a trav\u00e9s del Sitio) o para perseguir nuestros intereses comerciales leg\u00edtimos enumerados anteriormente.<br \/>\nAdem\u00e1s, tenga en cuenta que su informaci\u00f3n se transferir\u00e1 fuera de Europa, incluidos Canad\u00e1 y los Estados Unidos.<\/p>\n<p>RETENCI\u00d3N DE DATOS<br \/>\nCuando realiza un pedido a trav\u00e9s del Sitio, mantendremos su Informaci\u00f3n del pedido para nuestros registros a menos que y hasta que nos pida que<br \/>\neliminemos esta informaci\u00f3n.<\/p>\n<p>[[INSERTAR SI SE REQUIERE RESTRICCI\u00d3N DE EDAD]]<br \/>\nMENORES<br \/>\nEl sitio no est\u00e1 destinado a personas menores de [[INSERTAR EDAD]].<br \/>\nCAMBIOS<br \/>\nPodemos actualizar esta pol\u00edtica de privacidad peri\u00f3dicamente para reflejar, por ejemplo, cambios en nuestras pr\u00e1cticas o por otros motivos operativos,<br \/>\nlegales o reglamentarios.<br \/>\nCONT\u00c1CTENOS<br \/>\nPara obtener m\u00e1s informaci\u00f3n sobre nuestras pr\u00e1cticas de privacidad, si tiene alguna pregunta o si desea presentar una queja, cont\u00e1ctenos por correo<br \/>\nelectr\u00f3nico a saludenfit@gmail.com o por correo mediante el uso de la informaci\u00f3n que se proporciona a continuaci\u00f3n:<br \/>\nLA SERENA, COQUIMBO, COQUIMBO, 1700000<\/p>\n","protected":false},"excerpt":{"rendered":"<p>Pol\u00edtica de privacidad de Saludenfit Esta Pol\u00edtica de privacidad describe c\u00f3mo se recopila, utiliza y comparte su informaci\u00f3n personal cuando visita o hace una compra en saludenfit.com (denominado en lo sucesivo el \u201cSitio\u201d). INFORMACI\u00d3N PERSONAL QUE RECOPILAMOS Cuando visita el Sitio, recopilamos autom\u00e1ticamente cierta informaci\u00f3n sobre su dispositivo, incluida informaci\u00f3n sobre su navegador web, direcci\u00f3n<\/p>\n<div class=\"more-link\">\n             <a href=\"https:\/\/saludenfit.com\/?page_id=21\" class=\"link-btn\"><span>Seguir leyendo <\/span><i class=\"icofont-thin-double-right\"><\/i><\/a>\n        <\/div>\n","protected":false},"author":1,"featured_media":0,"parent":0,"menu_order":0,"comment_status":"closed","ping_status":"closed","template":"","meta":{"footnotes":""},"class_list":["post-21","page","type-page","status-publish","hentry"],"yoast_head":"<!-- This site is optimized with the Yoast SEO plugin v26.9 - https:\/\/yoast.com\/product\/yoast-seo-wordpress\/ -->\n<title>Politica de Privacidad - SaludenFit<\/title>\n<meta name=\"robots\" content=\"index, follow, max-snippet:-1, max-image-preview:large, max-video-preview:-1\" \/>\n<link rel=\"canonical\" href=\"https:\/\/saludenfit.com\/?page_id=21\" \/>\n<meta property=\"og:locale\" content=\"es_ES\" \/>\n<meta property=\"og:type\" content=\"article\" \/>\n<meta property=\"og:title\" content=\"Politica de Privacidad - SaludenFit\" \/>\n<meta property=\"og:description\" content=\"Pol\u00edtica de privacidad de Saludenfit Esta Pol\u00edtica de privacidad describe c\u00f3mo se recopila, utiliza y comparte su informaci\u00f3n personal cuando visita o hace una compra en saludenfit.com (denominado en lo sucesivo el \u201cSitio\u201d). INFORMACI\u00d3N PERSONAL QUE RECOPILAMOS Cuando visita el Sitio, recopilamos autom\u00e1ticamente cierta informaci\u00f3n sobre su dispositivo, incluida informaci\u00f3n sobre su navegador web, direcci\u00f3n        Seguir leyendo\" \/>\n<meta property=\"og:url\" content=\"https:\/\/saludenfit.com\/?page_id=21\" \/>\n<meta property=\"og:site_name\" content=\"SaludenFit\" \/>\n<meta property=\"article:modified_time\" content=\"2025-10-04T18:13:22+00:00\" \/>\n<meta name=\"twitter:card\" content=\"summary_large_image\" \/>\n<meta name=\"twitter:label1\" content=\"Tiempo de lectura\" \/>\n\t<meta name=\"twitter:data1\" content=\"6 minutos\" \/>\n<script type=\"application\/ld+json\" class=\"yoast-schema-graph\">{\"@context\":\"https:\/\/schema.org\",\"@graph\":[{\"@type\":\"WebPage\",\"@id\":\"https:\/\/saludenfit.com\/?page_id=21\",\"url\":\"https:\/\/saludenfit.com\/?page_id=21\",\"name\":\"Politica de Privacidad - SaludenFit\",\"isPartOf\":{\"@id\":\"https:\/\/saludenfit.com\/#website\"},\"datePublished\":\"2025-10-04T16:04:01+00:00\",\"dateModified\":\"2025-10-04T18:13:22+00:00\",\"breadcrumb\":{\"@id\":\"https:\/\/saludenfit.com\/?page_id=21#breadcrumb\"},\"inLanguage\":\"es\",\"potentialAction\":[{\"@type\":\"ReadAction\",\"target\":[\"https:\/\/saludenfit.com\/?page_id=21\"]}]},{\"@type\":\"BreadcrumbList\",\"@id\":\"https:\/\/saludenfit.com\/?page_id=21#breadcrumb\",\"itemListElement\":[{\"@type\":\"ListItem\",\"position\":1,\"name\":\"Portada\",\"item\":\"https:\/\/saludenfit.com\/\"},{\"@type\":\"ListItem\",\"position\":2,\"name\":\"Politica de Privacidad\"}]},{\"@type\":\"WebSite\",\"@id\":\"https:\/\/saludenfit.com\/#website\",\"url\":\"https:\/\/saludenfit.com\/\",\"name\":\"SaludenFit\",\"description\":\"Consejos practicos de salud, nutricion y fitness\",\"potentialAction\":[{\"@type\":\"SearchAction\",\"target\":{\"@type\":\"EntryPoint\",\"urlTemplate\":\"https:\/\/saludenfit.com\/?s={search_term_string}\"},\"query-input\":{\"@type\":\"PropertyValueSpecification\",\"valueRequired\":true,\"valueName\":\"search_term_string\"}}],\"inLanguage\":\"es\"}]}<\/script>\n<!-- \/ Yoast SEO plugin. -->","yoast_head_json":{"title":"Politica de Privacidad - SaludenFit","robots":{"index":"index","follow":"follow","max-snippet":"max-snippet:-1","max-image-preview":"max-image-preview:large","max-video-preview":"max-video-preview:-1"},"canonical":"https:\/\/saludenfit.com\/?page_id=21","og_locale":"es_ES","og_type":"article","og_title":"Politica de Privacidad - SaludenFit","og_description":"Pol\u00edtica de privacidad de Saludenfit Esta Pol\u00edtica de privacidad describe c\u00f3mo se recopila, utiliza y comparte su informaci\u00f3n personal cuando visita o hace una compra en saludenfit.com (denominado en lo sucesivo el \u201cSitio\u201d). INFORMACI\u00d3N PERSONAL QUE RECOPILAMOS Cuando visita el Sitio, recopilamos autom\u00e1ticamente cierta informaci\u00f3n sobre su dispositivo, incluida informaci\u00f3n sobre su navegador web, direcci\u00f3n        Seguir leyendo","og_url":"https:\/\/saludenfit.com\/?page_id=21","og_site_name":"SaludenFit","article_modified_time":"2025-10-04T18:13:22+00:00","twitter_card":"summary_large_image","twitter_misc":{"Tiempo de lectura":"6 minutos"},"schema":{"@context":"https:\/\/schema.org","@graph":[{"@type":"WebPage","@id":"https:\/\/saludenfit.com\/?page_id=21","url":"https:\/\/saludenfit.com\/?page_id=21","name":"Politica de Privacidad - SaludenFit","isPartOf":{"@id":"https:\/\/saludenfit.com\/#website"},"datePublished":"2025-10-04T16:04:01+00:00","dateModified":"2025-10-04T18:13:22+00:00","breadcrumb":{"@id":"https:\/\/saludenfit.com\/?page_id=21#breadcrumb"},"inLanguage":"es","potentialAction":[{"@type":"ReadAction","target":["https:\/\/saludenfit.com\/?page_id=21"]}]},{"@type":"BreadcrumbList","@id":"https:\/\/saludenfit.com\/?page_id=21#breadcrumb","itemListElement":[{"@type":"ListItem","position":1,"name":"Portada","item":"https:\/\/saludenfit.com\/"},{"@type":"ListItem","position":2,"name":"Politica de Privacidad"}]},{"@type":"WebSite","@id":"https:\/\/saludenfit.com\/#website","url":"https:\/\/saludenfit.com\/","name":"SaludenFit","description":"Consejos practicos de salud, nutricion y fitness","potentialAction":[{"@type":"SearchAction","target":{"@type":"EntryPoint","urlTemplate":"https:\/\/saludenfit.com\/?s={search_term_string}"},"query-input":{"@type":"PropertyValueSpecification","valueRequired":true,"valueName":"search_term_string"}}],"inLanguage":"es"}]}},"_links":{"self":[{"href":"https:\/\/saludenfit.com\/index.php?rest_route=\/wp\/v2\/pages\/21","targetHints":{"allow":["GET"]}}],"collection":[{"href":"https:\/\/saludenfit.com\/index.php?rest_route=\/wp\/v2\/pages"}],"about":[{"href":"https:\/\/saludenfit.com\/index.php?rest_route=\/wp\/v2\/types\/page"}],"author":[{"embeddable":true,"href":"https:\/\/saludenfit.com\/index.php?rest_route=\/wp\/v2\/users\/1"}],"replies":[{"embeddable":true,"href":"https:\/\/saludenfit.com\/index.php?rest_route=%2Fwp%2Fv2%2Fcomments&post=21"}],"version-history":[{"count":4,"href":"https:\/\/saludenfit.com\/index.php?rest_route=\/wp\/v2\/pages\/21\/revisions"}],"predecessor-version":[{"id":25,"href":"https:\/\/saludenfit.com\/index.php?rest_route=\/wp\/v2\/pages\/21\/revisions\/25"}],"wp:attachment":[{"href":"https:\/\/saludenfit.com\/index.php?rest_route=%2Fwp%2Fv2%2Fmedia&parent=21"}],"curies":[{"name":"wp","href":"https:\/\/api.w.org\/{rel}","templated":true}]}}